{"id":930,"date":"2023-10-11T13:07:38","date_gmt":"2023-10-11T19:07:38","guid":{"rendered":"https:\/\/www.cinop.com.mx\/?page_id=930"},"modified":"2024-04-09T11:15:51","modified_gmt":"2024-04-09T17:15:51","slug":"inicio","status":"publish","type":"page","link":"https:\/\/www.cinop.com.mx\/sitio\/","title":{"rendered":"Inicio"},"content":{"rendered":"<p>[et_pb_section fb_built=&#8221;1&#8243; admin_label=&#8221;PortadaInicio&#8221; _builder_version=&#8221;3.22.4&#8243; background_image=&#8221;https:\/\/www.cinop.com.mx\/sitio\/wp-content\/uploads\/2023\/10\/L01_V4_Portada.png&#8221; custom_padding=&#8221;358px||62px|||&#8221;][et_pb_row _builder_version=&#8221;3.22.4&#8243;][et_pb_column type=&#8221;4_4&#8243; _builder_version=&#8221;3.22.4&#8243;][\/et_pb_column][\/et_pb_row][\/et_pb_section][et_pb_section fb_built=&#8221;1&#8243; _builder_version=&#8221;3.22.4&#8243; border_width_bottom=&#8221;6px&#8221; border_color_bottom=&#8221;#7F7F7F&#8221; custom_padding=&#8221;||70px|||&#8221;][et_pb_row custom_margin=&#8221;-32px|auto||auto||&#8221; _builder_version=&#8221;3.22.4&#8243;][et_pb_column type=&#8221;1_2&#8243; _builder_version=&#8221;3.22.4&#8243;][et_pb_image src=&#8221;https:\/\/www.cinop.com.mx\/sitio\/wp-content\/uploads\/2023\/10\/NewLogoCinop.png&#8221; _builder_version=&#8221;3.22.4&#8243; custom_margin=&#8221;|204px||||&#8221; custom_padding=&#8221;25px|||||&#8221;][\/et_pb_image][\/et_pb_column][et_pb_column type=&#8221;1_2&#8243; _builder_version=&#8221;3.22.4&#8243;][et_pb_text _builder_version=&#8221;3.22.4&#8243; text_font=&#8221;Roboto||||||||&#8221; text_text_color=&#8221;#FF6600&#8243; text_font_size=&#8221;32px&#8221; text_line_height=&#8221;1em&#8221; text_orientation=&#8221;center&#8221;]<\/p>\n<p>Centro Integral en Opini\u00f3n P\u00fablica<\/p>\n<p>[\/et_pb_text][et_pb_text _builder_version=&#8221;3.22.4&#8243; text_font=&#8221;Roboto||||||||&#8221; text_text_color=&#8221;#002060&#8243; text_font_size=&#8221;35px&#8221; text_line_height=&#8221;1em&#8221; text_orientation=&#8221;center&#8221;]<\/p>\n<p><b>\u201cT\u00fa aliado de negocio\u201d<\/b><\/p>\n<p>[\/et_pb_text][et_pb_text _builder_version=&#8221;3.22.4&#8243; text_font=&#8221;Roboto||||||||&#8221; text_text_color=&#8221;#7f7f7f&#8221; text_font_size=&#8221;20px&#8221; text_line_height=&#8221;1.5em&#8221; text_orientation=&#8221;center&#8221; custom_margin=&#8221;44px|-50px||-58px||&#8221;]<\/p>\n<p><b>\u201cTe ayudamos a maximizar tus presupuestos de investigaci\u00f3n de mercados con el mejor equipo y las mejores herramientas.\u201d<\/b><\/p>\n<p>[\/et_pb_text][\/et_pb_column][\/et_pb_row][\/et_pb_section][et_pb_section fb_built=&#8221;1&#8243; _builder_version=&#8221;3.22.4&#8243; border_width_bottom=&#8221;6px&#8221; border_color_bottom=&#8221;#FF6600&#8243; custom_padding=&#8221;28px||13px|||&#8221;][et_pb_row custom_margin=&#8221;-34px|auto||auto||&#8221; _builder_version=&#8221;3.22.4&#8243;][et_pb_column type=&#8221;1_2&#8243; _builder_version=&#8221;3.22.4&#8243;][et_pb_text _builder_version=&#8221;3.22.4&#8243; text_font=&#8221;Roboto|700|||||||&#8221; text_text_color=&#8221;#7F7F7F&#8221; text_font_size=&#8221;32px&#8221; text_line_height=&#8221;1.3em&#8221; custom_padding=&#8221;25px|||||&#8221;]<\/p>\n<p><b>T\u00fa aliado de negocio<\/b><\/p>\n<p>[\/et_pb_text][\/et_pb_column][et_pb_column type=&#8221;1_2&#8243; _builder_version=&#8221;3.22.4&#8243;][\/et_pb_column][\/et_pb_row][\/et_pb_section][et_pb_section fb_built=&#8221;1&#8243; _builder_version=&#8221;3.22.4&#8243; border_width_bottom=&#8221;6px&#8221; border_color_bottom=&#8221;#7F7F7F&#8221;][et_pb_row _builder_version=&#8221;3.22.4&#8243;][et_pb_column type=&#8221;1_3&#8243; _builder_version=&#8221;3.22.4&#8243;][et_pb_text _builder_version=&#8221;3.22.4&#8243; text_font=&#8221;Roboto|700|||||||&#8221; text_text_color=&#8221;#002060&#8243; text_font_size=&#8221;20px&#8221; text_line_height=&#8221;1.3em&#8221; text_orientation=&#8221;center&#8221;]<\/p>\n<p><b>Analytical Research o COO<\/b><\/p>\n<p>[\/et_pb_text][et_pb_text _builder_version=&#8221;3.22.4&#8243; text_font=&#8221;||||||||&#8221; text_text_color=&#8221;#7F7F7F&#8221; text_font_size=&#8221;16px&#8221; text_line_height=&#8221;1.3em&#8221; text_orientation=&#8221;center&#8221;]<\/p>\n<p>\u00bfBuscas ayuda en la recolecci\u00f3n de informaci\u00f3n y procesamiento de los datos?.<\/p>\n<p>[\/et_pb_text][et_pb_image src=&#8221;https:\/\/www.cinop.com.mx\/sitio\/wp-content\/uploads\/2023\/10\/L02_V4_COO.png&#8221; align=&#8221;center&#8221; _builder_version=&#8221;3.22.4&#8243; custom_padding=&#8221;53px|||||&#8221; transform_styles__hover_enabled=&#8221;on&#8221; transform_scale__hover_enabled=&#8221;on&#8221; transform_translate__hover_enabled=&#8221;on&#8221; transform_rotate__hover_enabled=&#8221;on&#8221; transform_skew__hover_enabled=&#8221;on&#8221; transform_origin__hover_enabled=&#8221;on&#8221; transform_scale__hover=&#8221;130%|130%&#8221;][\/et_pb_image][\/et_pb_column][et_pb_column type=&#8221;1_3&#8243; _builder_version=&#8221;3.22.4&#8243;][et_pb_text _builder_version=&#8221;3.22.4&#8243; text_font=&#8221;Roboto|700|||||||&#8221; text_text_color=&#8221;#002060&#8243; text_font_size=&#8221;20px&#8221; text_line_height=&#8221;1.3em&#8221; text_orientation=&#8221;center&#8221;]<\/p>\n<p><b>Parnership en Services Operations<\/b><\/p>\n<p>[\/et_pb_text][et_pb_text _builder_version=&#8221;3.22.4&#8243; text_font=&#8221;||||||||&#8221; text_text_color=&#8221;#7F7F7F&#8221; text_font_size=&#8221;16px&#8221; text_line_height=&#8221;1.3em&#8221; text_orientation=&#8221;center&#8221;]<\/p>\n<p>\u00bfT\u00fa objetivo es reducir gastos operativos, fortalecer tu \u00e1rea de operaci\u00f3n, tener un aliado de confianza?<\/p>\n<p>[\/et_pb_text][et_pb_image src=&#8221;https:\/\/www.cinop.com.mx\/sitio\/wp-content\/uploads\/2023\/10\/L02_V4_Pamership.png&#8221; align=&#8221;center&#8221; _builder_version=&#8221;3.22.4&#8243; custom_padding=&#8221;52px|||||&#8221; transform_styles__hover_enabled=&#8221;on&#8221; transform_scale__hover_enabled=&#8221;on&#8221; transform_translate__hover_enabled=&#8221;on&#8221; transform_rotate__hover_enabled=&#8221;on&#8221; transform_skew__hover_enabled=&#8221;on&#8221; transform_origin__hover_enabled=&#8221;on&#8221; transform_scale__hover=&#8221;130%|130%&#8221;][\/et_pb_image][\/et_pb_column][et_pb_column type=&#8221;1_3&#8243; _builder_version=&#8221;3.22.4&#8243;][et_pb_text _builder_version=&#8221;3.22.4&#8243; text_font=&#8221;Roboto|700|||||||&#8221; text_text_color=&#8221;#002060&#8243; text_font_size=&#8221;20px&#8221; text_line_height=&#8221;1.3em&#8221; text_orientation=&#8221;center&#8221;]<\/p>\n<p><b>Freelancer<\/b><\/p>\n<p>[\/et_pb_text][et_pb_text _builder_version=&#8221;3.22.4&#8243; text_font=&#8221;||||||||&#8221; text_text_color=&#8221;#7F7F7F&#8221; text_font_size=&#8221;16px&#8221; text_line_height=&#8221;1.3em&#8221; text_orientation=&#8221;center&#8221;]<\/p>\n<p>\u00bfEstas en busca de un aliado de negocios que te de tranquilidad en los procesos operativos y de consultor\u00eda?<\/p>\n<p>[\/et_pb_text][et_pb_image src=&#8221;https:\/\/www.cinop.com.mx\/sitio\/wp-content\/uploads\/2023\/10\/L02_V4_Freelancer.png&#8221; align=&#8221;center&#8221; _builder_version=&#8221;3.22.4&#8243; custom_padding=&#8221;53px|||||&#8221; transform_styles__hover_enabled=&#8221;on&#8221; transform_scale__hover_enabled=&#8221;on&#8221; transform_translate__hover_enabled=&#8221;on&#8221; transform_rotate__hover_enabled=&#8221;on&#8221; transform_skew__hover_enabled=&#8221;on&#8221; transform_origin__hover_enabled=&#8221;on&#8221; transform_scale__hover=&#8221;130%|130%&#8221;][\/et_pb_image][\/et_pb_column][\/et_pb_row][et_pb_row _builder_version=&#8221;3.22.4&#8243;][et_pb_column type=&#8221;4_4&#8243; _builder_version=&#8221;3.22.4&#8243;][et_pb_text _builder_version=&#8221;3.22.4&#8243; text_font=&#8221;Roboto||||||||&#8221; text_text_color=&#8221;#FF6600&#8243; text_font_size=&#8221;32px&#8221; text_line_height=&#8221;1.3em&#8221; text_orientation=&#8221;right&#8221; custom_margin=&#8221;29px|||||&#8221;]<\/p>\n<p>\u00a1 Llegaste con el equipo correcto !<\/p>\n<p>[\/et_pb_text][\/et_pb_column][\/et_pb_row][\/et_pb_section][et_pb_section fb_built=&#8221;1&#8243; _builder_version=&#8221;3.22.4&#8243; border_width_bottom=&#8221;6px&#8221; border_color_bottom=&#8221;#FF6600&#8243; custom_padding=&#8221;42px||13px|||&#8221;][et_pb_row custom_margin=&#8221;-21px|auto||auto||&#8221; _builder_version=&#8221;3.22.4&#8243;][et_pb_column type=&#8221;1_2&#8243; _builder_version=&#8221;3.22.4&#8243;][\/et_pb_column][et_pb_column type=&#8221;1_2&#8243; _builder_version=&#8221;3.22.4&#8243;][\/et_pb_column][\/et_pb_row][\/et_pb_section][et_pb_section fb_built=&#8221;1&#8243; _builder_version=&#8221;3.22.4&#8243; border_width_bottom=&#8221;6px&#8221; border_color_bottom=&#8221;#002060&#8243; custom_padding=&#8221;||0px|||&#8221;][et_pb_row _builder_version=&#8221;3.22.4&#8243;][et_pb_column type=&#8221;3_4&#8243; _builder_version=&#8221;3.22.4&#8243;][et_pb_text _builder_version=&#8221;3.22.4&#8243; text_font=&#8221;Roboto|700|||||||&#8221; text_text_color=&#8221;#7F7F7F&#8221; text_font_size=&#8221;28px&#8221; text_line_height=&#8221;1.3em&#8221; custom_margin=&#8221;-32px||28px|-44px||&#8221;]<\/p>\n<p><b>\u00bfQuienes somos?<\/b><\/p>\n<p>[\/et_pb_text][et_pb_text module_class=&#8221;divicon2_img&#8221; _builder_version=&#8221;3.22.4&#8243; text_font=&#8221;Roboto||||||||&#8221; text_text_color=&#8221;#7F7F7F&#8221; text_font_size=&#8221;18px&#8221; text_line_height=&#8221;1.3em&#8221; text_orientation=&#8221;justified&#8221; custom_margin=&#8221;|-51px||||&#8221; custom_padding=&#8221;|0px||||&#8221;]<\/p>\n<ul>\n<li>Una empresa mexicana con m\u00e1s de <b>20 a\u00f1os de experiencia en el \u00e1rea operativa<\/b>, recolecci\u00f3n de informaci\u00f3n procesamiento de datos y an\u00e1lisis de la investigaci\u00f3n.<\/li>\n<\/ul>\n<p>[\/et_pb_text][et_pb_text module_class=&#8221;divicon2_img&#8221; _builder_version=&#8221;3.22.4&#8243; text_font=&#8221;Roboto||||||||&#8221; text_text_color=&#8221;#7F7F7F&#8221; text_font_size=&#8221;18px&#8221; text_line_height=&#8221;1.3em&#8221; text_orientation=&#8221;justified&#8221; custom_margin=&#8221;|-51px||||&#8221; custom_padding=&#8221;|0px||||&#8221;]<\/p>\n<ul>\n<li>Tenemos soluciones eficientes en la investigaci\u00f3n cualitativa y cuantitativa.<\/li>\n<\/ul>\n<p>[\/et_pb_text][et_pb_text module_class=&#8221;divicon2_img&#8221; _builder_version=&#8221;3.22.4&#8243; text_font=&#8221;Roboto||||||||&#8221; text_text_color=&#8221;#7F7F7F&#8221; text_font_size=&#8221;18px&#8221; text_line_height=&#8221;1.3em&#8221; text_orientation=&#8221;justified&#8221; custom_margin=&#8221;|-51px||||&#8221; custom_padding=&#8221;|0px||||&#8221;]<\/p>\n<ul>\n<li>Asesoramos a investigadores de mercado, profesionales en marketing, publicistas y consultores de gesti\u00f3n de la informaci\u00f3n, somos especialistas y expertos en los productos y servicios que hacen m\u00e1s f\u00e1cil y eficiente el trabajo de investigaci\u00f3n para nuestros clientes.<\/li>\n<\/ul>\n<p>[\/et_pb_text][et_pb_text module_class=&#8221;divicon2_img&#8221; _builder_version=&#8221;3.22.4&#8243; text_font=&#8221;Roboto||||||||&#8221; text_text_color=&#8221;#7F7F7F&#8221; text_font_size=&#8221;18px&#8221; text_line_height=&#8221;1.3em&#8221; text_orientation=&#8221;justified&#8221; custom_margin=&#8221;|-51px||||&#8221; custom_padding=&#8221;|0px||||&#8221;]<\/p>\n<ul>\n<li>Nuestro equipo esta compuesto por personas expertas en cada una de las \u00e1reas de apoyo en la investigaci\u00f3n.<\/li>\n<\/ul>\n<p>[\/et_pb_text][et_pb_text module_class=&#8221;divicon2_img&#8221; _builder_version=&#8221;3.22.4&#8243; text_font=&#8221;Roboto||||||||&#8221; text_text_color=&#8221;#7F7F7F&#8221; text_font_size=&#8221;18px&#8221; text_line_height=&#8221;1.3em&#8221; text_orientation=&#8221;justified&#8221; custom_margin=&#8221;|-51px||||&#8221; custom_padding=&#8221;|0px||||&#8221;]<\/p>\n<ul>\n<li>Nuestros clientes y aliados de negocio con los cuales hemos forjado sinergia y amistad durante todos estos\u00a0 a\u00f1os,\u00a0 pueden dar fe\u00a0 del nivel de compromiso al asumir un estudio de mercado ya que en cada uno de estos los acompa\u00f1amos en cada una de las etapas y procesos del proyecto de investigaci\u00f3n.<\/li>\n<\/ul>\n<p>[\/et_pb_text][\/et_pb_column][et_pb_column type=&#8221;1_4&#8243; _builder_version=&#8221;3.22.4&#8243;][et_pb_image src=&#8221;https:\/\/www.cinop.com.mx\/sitio\/wp-content\/uploads\/2023\/10\/BarraVertical_mediana.png&#8221; align=&#8221;right&#8221; disabled_on=&#8221;on|on|off&#8221; _builder_version=&#8221;3.22.4&#8243; custom_margin=&#8221;-64px|||178px||&#8221;][\/et_pb_image][\/et_pb_column][\/et_pb_row][\/et_pb_section][et_pb_section fb_built=&#8221;1&#8243; _builder_version=&#8221;3.22.4&#8243; border_width_bottom=&#8221;6px&#8221; border_color_bottom=&#8221;#FF6600&#8243; custom_padding=&#8221;42px||13px|||&#8221;][et_pb_row _builder_version=&#8221;3.22.4&#8243;][et_pb_column type=&#8221;1_2&#8243; _builder_version=&#8221;3.22.4&#8243;][\/et_pb_column][et_pb_column type=&#8221;1_2&#8243; _builder_version=&#8221;3.22.4&#8243;][\/et_pb_column][\/et_pb_row][\/et_pb_section][et_pb_section fb_built=&#8221;1&#8243; _builder_version=&#8221;3.22.4&#8243; min_height=&#8221;584.3px&#8221; custom_margin=&#8221;-2px|||||&#8221; custom_padding=&#8221;||6px|||&#8221;][et_pb_row _builder_version=&#8221;3.22.4&#8243;][et_pb_column type=&#8221;1_2&#8243; _builder_version=&#8221;3.22.4&#8243;][et_pb_image src=&#8221;https:\/\/www.cinop.com.mx\/sitio\/wp-content\/uploads\/2024\/04\/L23_V4_chica2.png&#8221; _builder_version=&#8221;3.22.4&#8243; width=&#8221;100%&#8221; min_height=&#8221;448px&#8221; custom_margin=&#8221;|||-50px||&#8221;][\/et_pb_image][\/et_pb_column][et_pb_column type=&#8221;1_4&#8243; _builder_version=&#8221;3.22.4&#8243;][et_pb_text _builder_version=&#8221;3.22.4&#8243; text_font=&#8221;Roboto|700|||||||&#8221; text_text_color=&#8221;#002060&#8243; text_font_size=&#8221;28px&#8221; text_line_height=&#8221;2em&#8221; custom_margin=&#8221;|-221px||-91px||&#8221;]<\/p>\n<p><b>\u00a1Llegaste con el equipo correcto! <\/b><\/p>\n<p>[\/et_pb_text][et_pb_text module_class=&#8221;divicon_img&#8221; _builder_version=&#8221;3.22.4&#8243; text_font=&#8221;Roboto||||||||&#8221; text_text_color=&#8221;#7F7F7F&#8221; text_font_size=&#8221;16px&#8221; text_line_height=&#8221;0.2em&#8221; custom_margin=&#8221;|-221px||-63px||&#8221;]<\/p>\n<ul>\n<li>Valoramos y nos gusta nuestro trabajo<\/li>\n<li>Afrontamos retos<\/li>\n<li>Logramos objetivos<\/li>\n<\/ul>\n<p>[\/et_pb_text][et_pb_text _builder_version=&#8221;3.22.4&#8243; text_font=&#8221;Roboto||||||||&#8221; text_text_color=&#8221;#FF6600&#8243; text_font_size=&#8221;25px&#8221; text_line_height=&#8221;1.3em&#8221; text_orientation=&#8221;center&#8221; custom_margin=&#8221;|-221px||-91px||&#8221; custom_padding=&#8221;|||0px||&#8221;]<\/p>\n<p>\u201cConvertimos la sinergia con nuestros clientes en el mejor Costo-Beneficio\u201d<\/p>\n<p>[\/et_pb_text][et_pb_image src=&#8221;https:\/\/www.cinop.com.mx\/sitio\/wp-content\/uploads\/2023\/10\/NewLogoCinop.png&#8221; url=&#8221;https:\/\/www.cinop.com.mx&#8221; align=&#8221;center&#8221; _builder_version=&#8221;3.22.4&#8243; custom_margin=&#8221;60px|-221px||-91px||&#8221;][\/et_pb_image][\/et_pb_column][et_pb_column type=&#8221;1_4&#8243; _builder_version=&#8221;3.22.4&#8243;][\/et_pb_column][\/et_pb_row][et_pb_row custom_padding=&#8221;23px||10px|||&#8221; _builder_version=&#8221;3.22.4&#8243;][et_pb_column type=&#8221;1_3&#8243; _builder_version=&#8221;3.22.4&#8243;][\/et_pb_column][et_pb_column type=&#8221;1_3&#8243; _builder_version=&#8221;3.22.4&#8243;][et_pb_button button_url=&#8221;https:\/\/www.cinop.com.mx\/sitio\/contacto\/#registro_contacto&#8221; button_text=&#8221;Contactar ahora&#8221; button_alignment=&#8221;center&#8221; _builder_version=&#8221;3.22.4&#8243; custom_button=&#8221;on&#8221; button_text_size=&#8221;16px&#8221; button_text_color=&#8221;#ffffff&#8221; button_bg_color=&#8221;#0070C0&#8243; button_border_radius=&#8221;18px&#8221; button_letter_spacing=&#8221;1px&#8221; button_font=&#8221;Roboto|300|||||||&#8221; button_icon=&#8221;%%40%%&#8221; button_icon_color=&#8221;#ffffff&#8221; button_text_shadow_style=&#8221;preset5&#8243; button_text_shadow_color=&#8221;rgba(0,0,0,0)&#8221; custom_padding=&#8221;||0px|||&#8221;][\/et_pb_button][\/et_pb_column][et_pb_column type=&#8221;1_3&#8243; _builder_version=&#8221;3.22.4&#8243;][\/et_pb_column][\/et_pb_row][\/et_pb_section][et_pb_section fb_built=&#8221;1&#8243; _builder_version=&#8221;3.22.4&#8243; background_color=&#8221;#002060&#8243; custom_margin=&#8221;||-4px|||&#8221; custom_padding=&#8221;0px||9px|||&#8221; locked=&#8221;off&#8221;][et_pb_row custom_padding=&#8221;|||||&#8221; custom_margin=&#8221;|||||&#8221; _builder_version=&#8221;3.22.4&#8243;][et_pb_column type=&#8221;1_5&#8243; _builder_version=&#8221;3.22.4&#8243;][\/et_pb_column][et_pb_column type=&#8221;1_5&#8243; _builder_version=&#8221;3.22.4&#8243;][et_pb_image src=&#8221;https:\/\/www.cinop.com.mx\/sitio\/wp-content\/uploads\/2023\/11\/Facebook002.png&#8221; url=&#8221;https:\/\/www.facebook.com\/profile.php?id=61553752034671&#8243; _builder_version=&#8221;3.22.4&#8243; transform_scale=&#8221;50%|50%&#8221;][\/et_pb_image][\/et_pb_column][et_pb_column type=&#8221;1_5&#8243; _builder_version=&#8221;3.22.4&#8243;][et_pb_image src=&#8221;https:\/\/www.cinop.com.mx\/sitio\/wp-content\/uploads\/2023\/11\/Linkedin002.png&#8221; url=&#8221;https:\/\/www.linkedin.com\/in\/cinop-mx-446a412a1\/&#8221; _builder_version=&#8221;3.22.4&#8243; transform_scale=&#8221;50%|50%&#8221;][\/et_pb_image][\/et_pb_column][et_pb_column type=&#8221;1_5&#8243; _builder_version=&#8221;3.22.4&#8243;][\/et_pb_column][et_pb_column type=&#8221;1_5&#8243; _builder_version=&#8221;3.22.4&#8243;][et_pb_text _builder_version=&#8221;3.22.4&#8243; text_font=&#8221;||||||||&#8221; text_text_color=&#8221;#00B0F0&#8243; text_font_size=&#8221;20px&#8221; text_orientation=&#8221;center&#8221; custom_padding=&#8221;25px||&#8221; link_option_url=&#8221;https:\/\/www.cinop.com.mx\/sitio\/mapa-del-sitio\/&#8221;]<\/p>\n<p>Mapa del Sitio<\/p>\n<p>[\/et_pb_text][\/et_pb_column][\/et_pb_row][\/et_pb_section]<\/p>\n","protected":false},"excerpt":{"rendered":"<p>[et_pb_section fb_built=&#8221;1&#8243; admin_label=&#8221;PortadaInicio&#8221; _builder_version=&#8221;3.22.4&#8243; background_image=&#8221;https:\/\/www.cinop.com.mx\/sitio\/wp-content\/uploads\/2023\/10\/L01_V4_Portada.png&#8221; custom_padding=&#8221;358px||62px|||&#8221;][et_pb_row _builder_version=&#8221;3.22.4&#8243;][et_pb_column type=&#8221;4_4&#8243; _builder_version=&#8221;3.22.4&#8243;][\/et_pb_column][\/et_pb_row][\/et_pb_section][et_pb_section fb_built=&#8221;1&#8243; _builder_version=&#8221;3.22.4&#8243; border_width_bottom=&#8221;6px&#8221; border_color_bottom=&#8221;#7F7F7F&#8221; custom_padding=&#8221;||70px|||&#8221;][et_pb_row custom_margin=&#8221;-32px|auto||auto||&#8221; _builder_version=&#8221;3.22.4&#8243;][et_pb_column type=&#8221;1_2&#8243; _builder_version=&#8221;3.22.4&#8243;][et_pb_image src=&#8221;https:\/\/www.cinop.com.mx\/sitio\/wp-content\/uploads\/2023\/10\/NewLogoCinop.png&#8221; _builder_version=&#8221;3.22.4&#8243; custom_margin=&#8221;|204px||||&#8221; custom_padding=&#8221;25px|||||&#8221;][\/et_pb_image][\/et_pb_column][et_pb_column type=&#8221;1_2&#8243; _builder_version=&#8221;3.22.4&#8243;][et_pb_text _builder_version=&#8221;3.22.4&#8243; text_font=&#8221;Roboto||||||||&#8221; text_text_color=&#8221;#FF6600&#8243; text_font_size=&#8221;32px&#8221; text_line_height=&#8221;1em&#8221; text_orientation=&#8221;center&#8221;] Centro Integral en Opini\u00f3n P\u00fablica [\/et_pb_text][et_pb_text _builder_version=&#8221;3.22.4&#8243; text_font=&#8221;Roboto||||||||&#8221; text_text_color=&#8221;#002060&#8243; text_font_size=&#8221;35px&#8221; text_line_height=&#8221;1em&#8221; text_orientation=&#8221;center&#8221;] \u201cT\u00fa aliado de negocio\u201d [\/et_pb_text][et_pb_text _builder_version=&#8221;3.22.4&#8243; text_font=&#8221;Roboto||||||||&#8221; text_text_color=&#8221;#7f7f7f&#8221; text_font_size=&#8221;20px&#8221; text_line_height=&#8221;1.5em&#8221; text_orientation=&#8221;center&#8221; custom_margin=&#8221;44px|-50px||-58px||&#8221;] \u201cTe [&hellip;]<\/p>\n","protected":false},"author":2,"featured_media":0,"parent":0,"menu_order":0,"comment_status":"closed","ping_status":"closed","template":"","meta":{"nf_dc_page":"","_et_pb_use_builder":"on","_et_pb_old_content":"","om_disable_all_campaigns":false,"_monsterinsights_skip_tracking":false,"_monsterinsights_sitenote_active":false,"_monsterinsights_sitenote_note":"","_monsterinsights_sitenote_category":0,"footnotes":""},"class_list":["post-930","page","type-page","status-publish","hentry"],"aioseo_notices":[],"_links":{"self":[{"href":"https:\/\/www.cinop.com.mx\/sitio\/wp-json\/wp\/v2\/pages\/930","targetHints":{"allow":["GET"]}}],"collection":[{"href":"https:\/\/www.cinop.com.mx\/sitio\/wp-json\/wp\/v2\/pages"}],"about":[{"href":"https:\/\/www.cinop.com.mx\/sitio\/wp-json\/wp\/v2\/types\/page"}],"author":[{"embeddable":true,"href":"https:\/\/www.cinop.com.mx\/sitio\/wp-json\/wp\/v2\/users\/2"}],"replies":[{"embeddable":true,"href":"https:\/\/www.cinop.com.mx\/sitio\/wp-json\/wp\/v2\/comments?post=930"}],"version-history":[{"count":58,"href":"https:\/\/www.cinop.com.mx\/sitio\/wp-json\/wp\/v2\/pages\/930\/revisions"}],"predecessor-version":[{"id":1608,"href":"https:\/\/www.cinop.com.mx\/sitio\/wp-json\/wp\/v2\/pages\/930\/revisions\/1608"}],"wp:attachment":[{"href":"https:\/\/www.cinop.com.mx\/sitio\/wp-json\/wp\/v2\/media?parent=930"}],"curies":[{"name":"wp","href":"https:\/\/api.w.org\/{rel}","templated":true}]}}