{"id":750,"date":"2023-10-05T11:36:41","date_gmt":"2023-10-05T17:36:41","guid":{"rendered":"https:\/\/www.cinop.com.mx\/?page_id=750"},"modified":"2024-04-22T10:50:59","modified_gmt":"2024-04-22T16:50:59","slug":"contacto","status":"publish","type":"page","link":"https:\/\/www.cinop.com.mx\/sitio\/contacto\/","title":{"rendered":"Contacto"},"content":{"rendered":"<p>[et_pb_section fb_built=&#8221;1&#8243; _builder_version=&#8221;3.22.4&#8243; border_width_bottom=&#8221;6px&#8221; border_color_bottom=&#8221;#7F7F7F&#8221; custom_padding=&#8221;73px||75px|||&#8221;][et_pb_row _builder_version=&#8221;3.22.4&#8243;][et_pb_column type=&#8221;1_4&#8243; _builder_version=&#8221;3.22.4&#8243;][et_pb_image src=&#8221;https:\/\/www.cinop.com.mx\/sitio\/wp-content\/uploads\/2023\/10\/LogoCinop.png&#8221; url=&#8221;https:\/\/www.cinop.com.mx&#8221; _builder_version=&#8221;3.22.4&#8243; transform_scale=&#8221;224%|224%&#8221; transform_translate=&#8221;58px|-6px&#8221; custom_padding=&#8221;|127px||||&#8221;][\/et_pb_image][et_pb_text _builder_version=&#8221;3.22.4&#8243; text_font=&#8221;Arial||||||||&#8221; text_text_color=&#8221;#002060&#8243; text_font_size=&#8221;16px&#8221; text_line_height=&#8221;1em&#8221; custom_margin=&#8221;31px|-130px||||&#8221; custom_padding=&#8221;64px|30px||0px||&#8221;]<\/p>\n<p><strong><i>Direcci\u00f3n:\u00a0<\/i><\/strong><\/p>\n<p><span style=\"color: #999999;\">Arquitectos 25 Col. Escand\u00f3n, Alcald\u00eda Miguel Hidalgo, C.P. 11800, entre las calles de Progreso y Jos\u00e9 Mart\u00ed.<\/span><\/p>\n<p>[\/et_pb_text][et_pb_text _builder_version=&#8221;3.22.4&#8243; text_font=&#8221;Arial||||||||&#8221; text_text_color=&#8221;#002060&#8243; text_font_size=&#8221;16px&#8221; text_line_height=&#8221;1em&#8221; custom_margin=&#8221;|-130px||||&#8221; custom_padding=&#8221;|30px||0px||&#8221;]<\/p>\n<p><b><i>Referencia de principales v\u00edas:<\/i><\/b><\/p>\n<ul>\n<li><span style=\"color: #999999;\">A una cuadra de Nuevo Le\u00f3n.<\/span><\/li>\n<li><span style=\"color: #999999;\">A dos cuadras del cruce Insurgentes y Viaducto.<\/span><\/li>\n<\/ul>\n<p>[\/et_pb_text][et_pb_text _builder_version=&#8221;3.22.4&#8243; text_font=&#8221;Arial||||||||&#8221; text_text_color=&#8221;#002060&#8243; text_font_size=&#8221;16px&#8221; text_line_height=&#8221;1em&#8221; custom_margin=&#8221;|-130px||||&#8221; custom_padding=&#8221;|||0px||&#8221;]<\/p>\n<p><b><i>Referencia de transporte p\u00fablico:<\/i><\/b><\/p>\n<ul>\n<li><span style=\"color: #999999;\">Estaci\u00f3n Metro-Bus Nuevo Le\u00f3n.<\/span><\/li>\n<li><span style=\"color: #999999;\">Metro Chilpancingo.<\/span><\/li>\n<\/ul>\n<p>[\/et_pb_text][et_pb_text _builder_version=&#8221;3.22.4&#8243; text_font=&#8221;Arial||||||||&#8221; text_text_color=&#8221;#002060&#8243; text_font_size=&#8221;16px&#8221; text_line_height=&#8221;1em&#8221; custom_margin=&#8221;|-130px||||&#8221; custom_padding=&#8221;|||0px||&#8221;]<\/p>\n<p><b><i>Referencias:<\/i><\/b><\/p>\n<ul>\n<li><span style=\"color: #999999;\">Hospital de M\u00e9xico.<\/span><\/li>\n<li><span style=\"color: #999999;\">Hotel Fiesta Inn, Insurgentes y Viaducto.<\/span><\/li>\n<li><span style=\"color: #999999;\">Hotel Mart\u00ed.<\/span><\/li>\n<\/ul>\n<p>[\/et_pb_text][\/et_pb_column][et_pb_column type=&#8221;3_4&#8243; _builder_version=&#8221;3.22.4&#8243;][et_pb_text _builder_version=&#8221;3.22.4&#8243; text_font=&#8221;Arial|700|||||||&#8221; text_text_color=&#8221;#FF6600&#8243; text_font_size=&#8221;26px&#8221; text_orientation=&#8221;center&#8221; custom_margin=&#8221;|-46px|12px|||&#8221; custom_padding=&#8221;|||0px||&#8221;]<\/p>\n<p><b>Contacto&#8230;<\/b><\/p>\n<p>[\/et_pb_text][et_pb_image src=&#8221;https:\/\/www.cinop.com.mx\/sitio\/wp-content\/uploads\/2023\/10\/L24_V4_MapaContacto.png&#8221; _builder_version=&#8221;3.22.4&#8243; transform_scale=&#8221;116%|118%&#8221; transform_scale_linked=&#8221;off&#8221; width=&#8221;90.3%&#8221; custom_margin=&#8221;47px|||123px||&#8221; custom_padding=&#8221;|||74px||&#8221;][\/et_pb_image][et_pb_text _builder_version=&#8221;3.22.4&#8243; text_font=&#8221;Arial||||||||&#8221; text_text_color=&#8221;#FB6103&#8243; text_font_size=&#8221;20px&#8221; custom_margin=&#8221;13px|||191px||&#8221; custom_padding=&#8221;15px||13px|0px||&#8221; link_option_url=&#8221;https:\/\/www.cinop.com.mx&#8221;]<\/p>\n<p><b>www.cinop.com.mx<\/b><\/p>\n<p>[\/et_pb_text][et_pb_text _builder_version=&#8221;3.22.4&#8243; text_font=&#8221;Arial||||||||&#8221; text_text_color=&#8221;#000000&#8243; text_line_height=&#8221;0.3em&#8221; background_color=&#8221;#F2F2F2&#8243; width=&#8221;61%&#8221; custom_margin=&#8221;-11px|-1px|10px|210px||&#8221; custom_padding=&#8221;17px|||26px||&#8221;]<\/p>\n<p>Correo:<\/p>\n<p><a href=\"mailto:contacto@cinop.com.mx\">contacto@cinop.com.mx<\/a><\/p>\n<p><a href=\"mailto:enrique.nova@cinop.com.mx\">enrique.nova@cinop.com.mx<\/a><\/p>\n<p><a href=\"mailto:blanca.cobus@cinop.com.mx\">blanca.cobus@cinop.com.mx<\/a><\/p>\n<p>[\/et_pb_text][et_pb_text _builder_version=&#8221;3.22.4&#8243; text_font=&#8221;Arial||||||||&#8221; text_text_color=&#8221;#002060&#8243; text_font_size=&#8221;16px&#8221; text_line_height=&#8221;1.3em&#8221; background_color=&#8221;#F2F2F2&#8243; width=&#8221;60.9%&#8221; min_height=&#8221;40.8px&#8221; custom_margin=&#8221;6px|17px|45px|210px||&#8221; custom_padding=&#8221;20px|6px|0px|25px||&#8221;]<\/p>\n<p>Conmutador: <b>+52 (55) 2454 \u2013 5440<\/b><\/p>\n<p>WhatsApp: <b>+52 (55) 4471 \u2013 1841<\/b><\/p>\n<p>[\/et_pb_text][\/et_pb_column][\/et_pb_row][\/et_pb_section][et_pb_section fb_built=&#8221;1&#8243; _builder_version=&#8221;3.22.4&#8243; width=&#8221;100%&#8221; custom_padding=&#8221;17px|||||&#8221;][et_pb_row _builder_version=&#8221;3.22.4&#8243;][et_pb_column type=&#8221;4_4&#8243; _builder_version=&#8221;3.22.4&#8243;][et_pb_text module_id=&#8221;maps&#8221; _builder_version=&#8221;3.22.4&#8243; text_font=&#8221;Arial|700|||||||&#8221; text_text_color=&#8221;#002060&#8243; text_font_size=&#8221;25px&#8221; text_orientation=&#8221;center&#8221;]<\/p>\n<p>Encuentranos en MAPS<\/p>\n<p>[\/et_pb_text][\/et_pb_column][\/et_pb_row][et_pb_row custom_margin=&#8221;19px|179px||219px||&#8221; _builder_version=&#8221;3.22.4&#8243; border_width_all=&#8221;3px&#8221; border_color_all=&#8221;#e09900&#8243; border_style_all=&#8221;ridge&#8221; width=&#8221;63%&#8221;][et_pb_column type=&#8221;4_4&#8243; _builder_version=&#8221;3.22.4&#8243;][et_pb_code _builder_version=&#8221;3.22.4&#8243; width=&#8221;100%&#8221; custom_padding=&#8221;|0px||||&#8221;]<iframe src=\"https:\/\/www.google.com\/maps\/embed?pb=!1m18!1m12!1m3!1d940.8112909051365!2d-99.17206593424058!3d19.40181041890781!2m3!1f0!2f0!3f0!3m2!1i1024!2i768!4f13.1!3m3!1m2!1s0x85d1ff6c74cd54df%3A0xd2aad15b9fc30b5e!2sCINOP!5e0!3m2!1ses-419!2smx!4v1696525273745!5m2!1ses-419!2smx\" width=\"800\" height=\"600\" style=\"border:0;\" allowfullscreen=\"\" loading=\"lazy\" referrerpolicy=\"no-referrer-when-downgrade\"><\/iframe>[\/et_pb_code][\/et_pb_column][\/et_pb_row][et_pb_row custom_margin=&#8221;20px|auto||auto||&#8221; _builder_version=&#8221;3.22.4&#8243;][et_pb_column type=&#8221;4_4&#8243; _builder_version=&#8221;3.22.4&#8243;][et_pb_contact_form email=&#8221;contacto@cinop.com.mx&#8221; title=&#8221;\u00bfC\u00f3mo podemos apoyarte?&#8221; success_message=&#8221;!Muchas gracias! en breve nos comunicaremos contigo.&#8221; submit_button_text=&#8221;Aceptar&#8221; admin_label=&#8221;Datos Contacto Visitante&#8221; module_id=&#8221;registro_contacto&#8221; _builder_version=&#8221;3.22.4&#8243; title_font=&#8221;Roboto|700|||||||&#8221; title_text_align=&#8221;center&#8221; title_text_color=&#8221;#ffffff&#8221; title_font_size=&#8221;35px&#8221; title_line_height=&#8221;1.3em&#8221; form_field_font=&#8221;Roboto|500|||||||&#8221; form_field_text_color=&#8221;#002060&#8243; form_field_font_size=&#8221;12px&#8221; form_field_line_height=&#8221;1.3em&#8221; background_color=&#8221;#0070C0&#8243; custom_button=&#8221;on&#8221; button_text_size=&#8221;18px&#8221; button_text_color=&#8221;#ffffff&#8221; button_bg_color=&#8221;#00B0F0&#8243; button_border_width=&#8221;1px&#8221; button_border_color=&#8221;#ffffff&#8221; button_border_radius=&#8221;10px&#8221; button_letter_spacing=&#8221;2px&#8221; button_font=&#8221;Roboto||||||||&#8221; button_icon=&#8221;%%40%%&#8221; text_orientation=&#8221;center&#8221; custom_margin=&#8221;|35px||||&#8221; custom_padding=&#8221;26px|34px|18px|30px||&#8221;][et_pb_contact_field field_id=&#8221;Nombre&#8221; field_title=&#8221;Ingresa tu nombre completo&#8221; _builder_version=&#8221;3.22.4&#8243; border_radii=&#8221;on||||&#8221; text_orientation=&#8221;left&#8221; button_text_size__hover_enabled=&#8221;off&#8221; button_one_text_size__hover_enabled=&#8221;off&#8221; button_two_text_size__hover_enabled=&#8221;off&#8221; button_text_color__hover_enabled=&#8221;off&#8221; button_one_text_color__hover_enabled=&#8221;off&#8221; button_two_text_color__hover_enabled=&#8221;off&#8221; button_border_width__hover_enabled=&#8221;off&#8221; button_one_border_width__hover_enabled=&#8221;off&#8221; button_two_border_width__hover_enabled=&#8221;off&#8221; button_border_color__hover_enabled=&#8221;off&#8221; button_one_border_color__hover_enabled=&#8221;off&#8221; button_two_border_color__hover_enabled=&#8221;off&#8221; button_border_radius__hover_enabled=&#8221;off&#8221; button_one_border_radius__hover_enabled=&#8221;off&#8221; button_two_border_radius__hover_enabled=&#8221;off&#8221; button_letter_spacing__hover_enabled=&#8221;off&#8221; button_one_letter_spacing__hover_enabled=&#8221;off&#8221; button_two_letter_spacing__hover_enabled=&#8221;off&#8221; button_bg_color__hover_enabled=&#8221;off&#8221; button_one_bg_color__hover_enabled=&#8221;off&#8221; button_two_bg_color__hover_enabled=&#8221;off&#8221;][\/et_pb_contact_field][et_pb_contact_field field_id=&#8221;Empresa&#8221; field_title=&#8221;\u00bfCu\u00e1l es el nombre de tu empresa?&#8221; _builder_version=&#8221;3.22.4&#8243; border_radii=&#8221;on||||&#8221; text_orientation=&#8221;left&#8221; button_text_size__hover_enabled=&#8221;off&#8221; button_one_text_size__hover_enabled=&#8221;off&#8221; button_two_text_size__hover_enabled=&#8221;off&#8221; button_text_color__hover_enabled=&#8221;off&#8221; button_one_text_color__hover_enabled=&#8221;off&#8221; button_two_text_color__hover_enabled=&#8221;off&#8221; button_border_width__hover_enabled=&#8221;off&#8221; button_one_border_width__hover_enabled=&#8221;off&#8221; button_two_border_width__hover_enabled=&#8221;off&#8221; button_border_color__hover_enabled=&#8221;off&#8221; button_one_border_color__hover_enabled=&#8221;off&#8221; button_two_border_color__hover_enabled=&#8221;off&#8221; button_border_radius__hover_enabled=&#8221;off&#8221; button_one_border_radius__hover_enabled=&#8221;off&#8221; button_two_border_radius__hover_enabled=&#8221;off&#8221; button_letter_spacing__hover_enabled=&#8221;off&#8221; button_one_letter_spacing__hover_enabled=&#8221;off&#8221; button_two_letter_spacing__hover_enabled=&#8221;off&#8221; button_bg_color__hover_enabled=&#8221;off&#8221; button_one_bg_color__hover_enabled=&#8221;off&#8221; button_two_bg_color__hover_enabled=&#8221;off&#8221;][\/et_pb_contact_field][et_pb_contact_field field_id=&#8221;Telehone&#8221; field_title=&#8221;\u00bfA qu\u00e9 n\u00famero te podemos contactar?&#8221; allowed_symbols=&#8221;numbers&#8221; _builder_version=&#8221;3.22.4&#8243; border_radii=&#8221;on||||&#8221; text_orientation=&#8221;left&#8221; button_text_size__hover_enabled=&#8221;off&#8221; button_one_text_size__hover_enabled=&#8221;off&#8221; button_two_text_size__hover_enabled=&#8221;off&#8221; button_text_color__hover_enabled=&#8221;off&#8221; button_one_text_color__hover_enabled=&#8221;off&#8221; button_two_text_color__hover_enabled=&#8221;off&#8221; button_border_width__hover_enabled=&#8221;off&#8221; button_one_border_width__hover_enabled=&#8221;off&#8221; button_two_border_width__hover_enabled=&#8221;off&#8221; button_border_color__hover_enabled=&#8221;off&#8221; button_one_border_color__hover_enabled=&#8221;off&#8221; button_two_border_color__hover_enabled=&#8221;off&#8221; button_border_radius__hover_enabled=&#8221;off&#8221; button_one_border_radius__hover_enabled=&#8221;off&#8221; button_two_border_radius__hover_enabled=&#8221;off&#8221; button_letter_spacing__hover_enabled=&#8221;off&#8221; button_one_letter_spacing__hover_enabled=&#8221;off&#8221; button_two_letter_spacing__hover_enabled=&#8221;off&#8221; button_bg_color__hover_enabled=&#8221;off&#8221; button_one_bg_color__hover_enabled=&#8221;off&#8221; button_two_bg_color__hover_enabled=&#8221;off&#8221;][\/et_pb_contact_field][et_pb_contact_field field_id=&#8221;Email&#8221; field_title=&#8221;Correo electr\u00f3nico&#8221; field_type=&#8221;email&#8221; _builder_version=&#8221;3.22.4&#8243; border_radii=&#8221;on||||&#8221; text_orientation=&#8221;left&#8221; button_text_size__hover_enabled=&#8221;off&#8221; button_one_text_size__hover_enabled=&#8221;off&#8221; button_two_text_size__hover_enabled=&#8221;off&#8221; button_text_color__hover_enabled=&#8221;off&#8221; button_one_text_color__hover_enabled=&#8221;off&#8221; button_two_text_color__hover_enabled=&#8221;off&#8221; button_border_width__hover_enabled=&#8221;off&#8221; button_one_border_width__hover_enabled=&#8221;off&#8221; button_two_border_width__hover_enabled=&#8221;off&#8221; button_border_color__hover_enabled=&#8221;off&#8221; button_one_border_color__hover_enabled=&#8221;off&#8221; button_two_border_color__hover_enabled=&#8221;off&#8221; button_border_radius__hover_enabled=&#8221;off&#8221; button_one_border_radius__hover_enabled=&#8221;off&#8221; button_two_border_radius__hover_enabled=&#8221;off&#8221; button_letter_spacing__hover_enabled=&#8221;off&#8221; button_one_letter_spacing__hover_enabled=&#8221;off&#8221; button_two_letter_spacing__hover_enabled=&#8221;off&#8221; button_bg_color__hover_enabled=&#8221;off&#8221; button_one_bg_color__hover_enabled=&#8221;off&#8221; button_two_bg_color__hover_enabled=&#8221;off&#8221;][\/et_pb_contact_field][et_pb_contact_field field_id=&#8221;Mensaje&#8221; field_title=&#8221;\u00bfC\u00f3mo podemos servirte?&#8221; field_type=&#8221;text&#8221; fullwidth_field=&#8221;on&#8221; _builder_version=&#8221;3.22.4&#8243; border_radii=&#8221;on||||&#8221; text_orientation=&#8221;left&#8221; button_text_size__hover_enabled=&#8221;off&#8221; button_one_text_size__hover_enabled=&#8221;off&#8221; button_two_text_size__hover_enabled=&#8221;off&#8221; button_text_color__hover_enabled=&#8221;off&#8221; button_one_text_color__hover_enabled=&#8221;off&#8221; button_two_text_color__hover_enabled=&#8221;off&#8221; button_border_width__hover_enabled=&#8221;off&#8221; button_one_border_width__hover_enabled=&#8221;off&#8221; button_two_border_width__hover_enabled=&#8221;off&#8221; button_border_color__hover_enabled=&#8221;off&#8221; button_one_border_color__hover_enabled=&#8221;off&#8221; button_two_border_color__hover_enabled=&#8221;off&#8221; button_border_radius__hover_enabled=&#8221;off&#8221; button_one_border_radius__hover_enabled=&#8221;off&#8221; button_two_border_radius__hover_enabled=&#8221;off&#8221; button_letter_spacing__hover_enabled=&#8221;off&#8221; button_one_letter_spacing__hover_enabled=&#8221;off&#8221; button_two_letter_spacing__hover_enabled=&#8221;off&#8221; button_bg_color__hover_enabled=&#8221;off&#8221; button_one_bg_color__hover_enabled=&#8221;off&#8221; button_two_bg_color__hover_enabled=&#8221;off&#8221;][\/et_pb_contact_field][\/et_pb_contact_form][\/et_pb_column][\/et_pb_row][\/et_pb_section][et_pb_section fb_built=&#8221;1&#8243; _builder_version=&#8221;3.22.4&#8243; background_color=&#8221;#002060&#8243; custom_margin=&#8221;||-4px|||&#8221; custom_padding=&#8221;0px||9px|||&#8221; locked=&#8221;off&#8221;][et_pb_row custom_padding=&#8221;|||||&#8221; custom_margin=&#8221;|||||&#8221; _builder_version=&#8221;3.22.4&#8243;][et_pb_column type=&#8221;1_5&#8243; _builder_version=&#8221;3.22.4&#8243;][\/et_pb_column][et_pb_column type=&#8221;1_5&#8243; _builder_version=&#8221;3.22.4&#8243;][et_pb_image src=&#8221;https:\/\/www.cinop.com.mx\/sitio\/wp-content\/uploads\/2023\/11\/Facebook002.png&#8221; url=&#8221;https:\/\/www.facebook.com\/profile.php?id=61553752034671&#8243; _builder_version=&#8221;3.22.4&#8243; transform_scale=&#8221;50%|50%&#8221;][\/et_pb_image][\/et_pb_column][et_pb_column type=&#8221;1_5&#8243; _builder_version=&#8221;3.22.4&#8243;][et_pb_image src=&#8221;https:\/\/www.cinop.com.mx\/sitio\/wp-content\/uploads\/2023\/11\/Linkedin002.png&#8221; url=&#8221;https:\/\/www.linkedin.com\/in\/cinop-mx-446a412a1\/&#8221; _builder_version=&#8221;3.22.4&#8243; transform_scale=&#8221;50%|50%&#8221;][\/et_pb_image][\/et_pb_column][et_pb_column type=&#8221;1_5&#8243; _builder_version=&#8221;3.22.4&#8243;][\/et_pb_column][et_pb_column type=&#8221;1_5&#8243; _builder_version=&#8221;3.22.4&#8243;][et_pb_text _builder_version=&#8221;3.22.4&#8243; text_font=&#8221;||||||||&#8221; text_text_color=&#8221;#00B0F0&#8243; text_font_size=&#8221;20px&#8221; text_orientation=&#8221;center&#8221; custom_padding=&#8221;25px||&#8221; link_option_url=&#8221;https:\/\/www.cinop.com.mx\/sitio\/mapa-del-sitio\/&#8221;]<\/p>\n<p>Mapa del Sitio<\/p>\n<p>[\/et_pb_text][\/et_pb_column][\/et_pb_row][\/et_pb_section]<\/p>\n","protected":false},"excerpt":{"rendered":"<p>[et_pb_section fb_built=&#8221;1&#8243; _builder_version=&#8221;3.22.4&#8243; border_width_bottom=&#8221;6px&#8221; border_color_bottom=&#8221;#7F7F7F&#8221; custom_padding=&#8221;73px||75px|||&#8221;][et_pb_row _builder_version=&#8221;3.22.4&#8243;][et_pb_column type=&#8221;1_4&#8243; _builder_version=&#8221;3.22.4&#8243;][et_pb_image src=&#8221;https:\/\/www.cinop.com.mx\/sitio\/wp-content\/uploads\/2023\/10\/LogoCinop.png&#8221; url=&#8221;https:\/\/www.cinop.com.mx&#8221; _builder_version=&#8221;3.22.4&#8243; transform_scale=&#8221;224%|224%&#8221; transform_translate=&#8221;58px|-6px&#8221; custom_padding=&#8221;|127px||||&#8221;][\/et_pb_image][et_pb_text _builder_version=&#8221;3.22.4&#8243; text_font=&#8221;Arial||||||||&#8221; text_text_color=&#8221;#002060&#8243; text_font_size=&#8221;16px&#8221; text_line_height=&#8221;1em&#8221; custom_margin=&#8221;31px|-130px||||&#8221; custom_padding=&#8221;64px|30px||0px||&#8221;] Direcci\u00f3n:\u00a0 Arquitectos 25 Col. Escand\u00f3n, Alcald\u00eda Miguel Hidalgo, C.P. 11800, entre las calles de Progreso y Jos\u00e9 Mart\u00ed. [\/et_pb_text][et_pb_text _builder_version=&#8221;3.22.4&#8243; text_font=&#8221;Arial||||||||&#8221; text_text_color=&#8221;#002060&#8243; text_font_size=&#8221;16px&#8221; text_line_height=&#8221;1em&#8221; custom_margin=&#8221;|-130px||||&#8221; custom_padding=&#8221;|30px||0px||&#8221;] Referencia de principales v\u00edas: A una cuadra [&hellip;]<\/p>\n","protected":false},"author":2,"featured_media":0,"parent":0,"menu_order":0,"comment_status":"closed","ping_status":"closed","template":"","meta":{"nf_dc_page":"","_et_pb_use_builder":"on","_et_pb_old_content":"","om_disable_all_campaigns":false,"_monsterinsights_skip_tracking":false,"_monsterinsights_sitenote_active":false,"_monsterinsights_sitenote_note":"","_monsterinsights_sitenote_category":0,"footnotes":""},"class_list":["post-750","page","type-page","status-publish","hentry"],"aioseo_notices":[],"_links":{"self":[{"href":"https:\/\/www.cinop.com.mx\/sitio\/wp-json\/wp\/v2\/pages\/750","targetHints":{"allow":["GET"]}}],"collection":[{"href":"https:\/\/www.cinop.com.mx\/sitio\/wp-json\/wp\/v2\/pages"}],"about":[{"href":"https:\/\/www.cinop.com.mx\/sitio\/wp-json\/wp\/v2\/types\/page"}],"author":[{"embeddable":true,"href":"https:\/\/www.cinop.com.mx\/sitio\/wp-json\/wp\/v2\/users\/2"}],"replies":[{"embeddable":true,"href":"https:\/\/www.cinop.com.mx\/sitio\/wp-json\/wp\/v2\/comments?post=750"}],"version-history":[{"count":42,"href":"https:\/\/www.cinop.com.mx\/sitio\/wp-json\/wp\/v2\/pages\/750\/revisions"}],"predecessor-version":[{"id":1610,"href":"https:\/\/www.cinop.com.mx\/sitio\/wp-json\/wp\/v2\/pages\/750\/revisions\/1610"}],"wp:attachment":[{"href":"https:\/\/www.cinop.com.mx\/sitio\/wp-json\/wp\/v2\/media?parent=750"}],"curies":[{"name":"wp","href":"https:\/\/api.w.org\/{rel}","templated":true}]}}