{"id":1551,"date":"2023-12-04T17:09:03","date_gmt":"2023-12-04T23:09:03","guid":{"rendered":"https:\/\/www.cinop.com.mx\/sitio\/?page_id=1551"},"modified":"2023-12-04T18:12:38","modified_gmt":"2023-12-05T00:12:38","slug":"mision_vision","status":"publish","type":"page","link":"https:\/\/www.cinop.com.mx\/sitio\/mision_vision\/","title":{"rendered":"Misi\u00f3n y Visi\u00f3n"},"content":{"rendered":"<p>[et_pb_section fb_built=&#8221;1&#8243; _builder_version=&#8221;3.22.4&#8243; border_width_bottom=&#8221;6px&#8221; border_color_bottom=&#8221;#FF6600&#8243; custom_padding=&#8221;6px||4px|||&#8221; locked=&#8221;off&#8221;][et_pb_row _builder_version=&#8221;3.22.4&#8243;][et_pb_column type=&#8221;1_2&#8243; _builder_version=&#8221;3.22.4&#8243;][et_pb_text _builder_version=&#8221;3.22.4&#8243; text_font=&#8221;Roboto|700|||||||&#8221; text_text_color=&#8221;#7F7F7F&#8221; text_font_size=&#8221;32px&#8221; text_line_height=&#8221;1.3em&#8221; text_orientation=&#8221;center&#8221; custom_margin=&#8221;43px|-23px||-40px||&#8221;]<\/p>\n<p>Misi\u00f3n y Visi\u00f3n<\/p>\n<p>[\/et_pb_text][\/et_pb_column][et_pb_column type=&#8221;1_2&#8243; _builder_version=&#8221;3.22.4&#8243;][et_pb_image src=&#8221;https:\/\/www.cinop.com.mx\/sitio\/wp-content\/uploads\/2023\/10\/NewLogoCinop_mediano.png&#8221; align=&#8221;center&#8221; _builder_version=&#8221;3.22.4&#8243; custom_padding=&#8221;||3px|||&#8221;][\/et_pb_image][\/et_pb_column][\/et_pb_row][\/et_pb_section][et_pb_section fb_built=&#8221;1&#8243; _builder_version=&#8221;3.22.4&#8243; custom_padding=&#8221;||49px|||&#8221;][et_pb_row use_custom_gutter=&#8221;on&#8221; gutter_width=&#8221;3&#8243; custom_padding=&#8221;||0px|||&#8221; make_equal=&#8221;on&#8221; _builder_version=&#8221;3.22.4&#8243; module_alignment=&#8221;center&#8221;][et_pb_column type=&#8221;1_2&#8243; _builder_version=&#8221;3.22.4&#8243;][et_pb_text _builder_version=&#8221;3.22.4&#8243; text_font=&#8221;Roboto||||||||&#8221; text_text_color=&#8221;#FF6600&#8243; text_font_size=&#8221;22px&#8221; text_line_height=&#8221;1.3em&#8221; header_font=&#8221;||||||||&#8221; header_3_font=&#8221;Roboto|700|||||||&#8221; header_3_text_color=&#8221;#FF6600&#8243; text_orientation=&#8221;center&#8221; custom_margin=&#8221;||9px|||&#8221;]<\/p>\n<p>Trabajamos por una MISI\u00d3N<\/p>\n<p>[\/et_pb_text][et_pb_text _builder_version=&#8221;3.22.4&#8243; text_font=&#8221;Roboto||||||||&#8221; text_text_color=&#8221;#ffffff&#8221; text_font_size=&#8221;16px&#8221; text_line_height=&#8221;1.3em&#8221; header_font=&#8221;||||||||&#8221; header_3_font=&#8221;Roboto|700|||||||&#8221; header_3_text_color=&#8221;#FF6600&#8243; background_color=&#8221;#002060&#8243; text_orientation=&#8221;justified&#8221; custom_padding=&#8221;25px|35px|25px|35px||&#8221;]<\/p>\n<p>Asegurarnos de que nuestros clientes utilicen la informaci\u00f3n recolectada, procesada y proporcionada por CINOP, con la confianza de que todos los procesos se ejecutaron bajo un estricto control de calidad, y con la seguridad de que satisfacen los par\u00e1metros de auditor\u00eda que apliquen en las etapas que nos confiaron.<\/p>\n<p>[\/et_pb_text][\/et_pb_column][et_pb_column type=&#8221;1_2&#8243; _builder_version=&#8221;3.22.4&#8243;][et_pb_text _builder_version=&#8221;3.22.4&#8243; text_font=&#8221;Roboto||||||||&#8221; text_text_color=&#8221;#FF6600&#8243; text_font_size=&#8221;22px&#8221; text_line_height=&#8221;1.3em&#8221; header_font=&#8221;||||||||&#8221; header_3_font=&#8221;Roboto|700|||||||&#8221; header_3_text_color=&#8221;#FF6600&#8243; text_orientation=&#8221;center&#8221; custom_margin=&#8221;||28px|||&#8221;]<\/p>\n<p>Nuestra VISI\u00d3N<\/p>\n<p>[\/et_pb_text][et_pb_text _builder_version=&#8221;3.22.4&#8243; text_font=&#8221;Roboto||||||||&#8221; text_text_color=&#8221;#ffffff&#8221; text_font_size=&#8221;16px&#8221; text_line_height=&#8221;1.3em&#8221; header_font=&#8221;||||||||&#8221; header_3_font=&#8221;Roboto|700|||||||&#8221; header_3_text_color=&#8221;#FF6600&#8243; background_color=&#8221;#002060&#8243; text_orientation=&#8221;justified&#8221; min_height=&#8221;175.4px&#8221; custom_margin=&#8221;-21px||1px|||&#8221; custom_padding=&#8221;48px|35px|25px|35px||&#8221;]<\/p>\n<p>Ser la mejor empresa mexicana de servicios operativos integrales, en el \u00e1mbito de la investigaci\u00f3n de mercados y opini\u00f3n p\u00fablica para los sectores p\u00fablico y privado.<\/p>\n<p>[\/et_pb_text][\/et_pb_column][\/et_pb_row][et_pb_row custom_padding=&#8221;22px|||||&#8221; custom_margin=&#8221;23px|auto||auto||&#8221; _builder_version=&#8221;3.22.4&#8243;][et_pb_column type=&#8221;1_4&#8243; _builder_version=&#8221;3.22.4&#8243;][\/et_pb_column][et_pb_column type=&#8221;1_2&#8243; _builder_version=&#8221;3.22.4&#8243;][et_pb_text _builder_version=&#8221;3.22.4&#8243; text_font=&#8221;Roboto||||||||&#8221; text_text_color=&#8221;#FF6600&#8243; text_font_size=&#8221;22px&#8221; text_line_height=&#8221;1.3em&#8221; header_font=&#8221;||||||||&#8221; header_3_font=&#8221;Roboto|700|||||||&#8221; header_3_text_color=&#8221;#FF6600&#8243; text_orientation=&#8221;center&#8221; custom_margin=&#8221;||20px|||&#8221;]<\/p>\n<p>Pol\u00edtica de CALIDAD<\/p>\n<p>[\/et_pb_text][et_pb_text _builder_version=&#8221;3.22.4&#8243; text_font=&#8221;Roboto||||||||&#8221; text_text_color=&#8221;#ffffff&#8221; text_font_size=&#8221;16px&#8221; text_line_height=&#8221;1.3em&#8221; header_font=&#8221;||||||||&#8221; header_3_font=&#8221;Roboto|700|||||||&#8221; header_3_text_color=&#8221;#FF6600&#8243; background_color=&#8221;#002060&#8243; text_orientation=&#8221;justified&#8221; custom_margin=&#8221;-12px|||||&#8221; custom_padding=&#8221;25px|35px|25px|35px||&#8221;]<\/p>\n<p>Comprometidos a cumplir satisfactoria y oportunamente todos los compromisos adquiridos, y siempre anteponer la honestidad, confidencialidad y confiabilidad de la informaci\u00f3n proporcionada por nuestra empresa.<\/p>\n<p>[\/et_pb_text][\/et_pb_column][et_pb_column type=&#8221;1_4&#8243; _builder_version=&#8221;3.22.4&#8243;][\/et_pb_column][\/et_pb_row][\/et_pb_section][et_pb_section fb_built=&#8221;1&#8243; _builder_version=&#8221;3.22.4&#8243; background_color=&#8221;#002060&#8243; custom_margin=&#8221;||-4px|||&#8221; custom_padding=&#8221;0px||9px|||&#8221; locked=&#8221;off&#8221;][et_pb_row custom_padding=&#8221;|||||&#8221; custom_margin=&#8221;|||||&#8221; _builder_version=&#8221;3.22.4&#8243;][et_pb_column type=&#8221;1_5&#8243; _builder_version=&#8221;3.22.4&#8243;][\/et_pb_column][et_pb_column type=&#8221;1_5&#8243; _builder_version=&#8221;3.22.4&#8243;][et_pb_image src=&#8221;https:\/\/www.cinop.com.mx\/sitio\/wp-content\/uploads\/2023\/11\/Facebook002.png&#8221; url=&#8221;https:\/\/www.facebook.com\/profile.php?id=61553752034671&#8243; _builder_version=&#8221;3.22.4&#8243; transform_scale=&#8221;50%|50%&#8221;][\/et_pb_image][\/et_pb_column][et_pb_column type=&#8221;1_5&#8243; _builder_version=&#8221;3.22.4&#8243;][et_pb_image src=&#8221;https:\/\/www.cinop.com.mx\/sitio\/wp-content\/uploads\/2023\/11\/Linkedin002.png&#8221; url=&#8221;https:\/\/www.linkedin.com\/in\/cinop-mx-446a412a1\/&#8221; _builder_version=&#8221;3.22.4&#8243; transform_scale=&#8221;50%|50%&#8221;][\/et_pb_image][\/et_pb_column][et_pb_column type=&#8221;1_5&#8243; _builder_version=&#8221;3.22.4&#8243;][\/et_pb_column][et_pb_column type=&#8221;1_5&#8243; _builder_version=&#8221;3.22.4&#8243;][et_pb_text text_font_size=&#8221;20px&#8221; text_orientation=&#8221;center&#8221; _builder_version=&#8221;3.22.4&#8243; link_option_url=&#8221;https:\/\/www.cinop.com.mx\/sitio\/mapa-del-sitio\/&#8221; text_font=&#8221;||||||||&#8221; text_text_color=&#8221;#00B0F0&#8243; custom_padding=&#8221;25px||&#8221;]<\/p>\n<p>Mapa del Sitio<\/p>\n<p>[\/et_pb_text][\/et_pb_column][\/et_pb_row][\/et_pb_section]<\/p>\n","protected":false},"excerpt":{"rendered":"<p>[et_pb_section fb_built=&#8221;1&#8243; _builder_version=&#8221;3.22.4&#8243; border_width_bottom=&#8221;6px&#8221; border_color_bottom=&#8221;#FF6600&#8243; custom_padding=&#8221;6px||4px|||&#8221; locked=&#8221;off&#8221;][et_pb_row _builder_version=&#8221;3.22.4&#8243;][et_pb_column type=&#8221;1_2&#8243; _builder_version=&#8221;3.22.4&#8243;][et_pb_text _builder_version=&#8221;3.22.4&#8243; text_font=&#8221;Roboto|700|||||||&#8221; text_text_color=&#8221;#7F7F7F&#8221; text_font_size=&#8221;32px&#8221; text_line_height=&#8221;1.3em&#8221; text_orientation=&#8221;center&#8221; custom_margin=&#8221;43px|-23px||-40px||&#8221;] Misi\u00f3n y Visi\u00f3n [\/et_pb_text][\/et_pb_column][et_pb_column type=&#8221;1_2&#8243; _builder_version=&#8221;3.22.4&#8243;][et_pb_image src=&#8221;https:\/\/www.cinop.com.mx\/sitio\/wp-content\/uploads\/2023\/10\/NewLogoCinop_mediano.png&#8221; align=&#8221;center&#8221; _builder_version=&#8221;3.22.4&#8243; custom_padding=&#8221;||3px|||&#8221;][\/et_pb_image][\/et_pb_column][\/et_pb_row][\/et_pb_section][et_pb_section fb_built=&#8221;1&#8243; _builder_version=&#8221;3.22.4&#8243; custom_padding=&#8221;||49px|||&#8221;][et_pb_row use_custom_gutter=&#8221;on&#8221; gutter_width=&#8221;3&#8243; custom_padding=&#8221;||0px|||&#8221; make_equal=&#8221;on&#8221; _builder_version=&#8221;3.22.4&#8243; module_alignment=&#8221;center&#8221;][et_pb_column type=&#8221;1_2&#8243; _builder_version=&#8221;3.22.4&#8243;][et_pb_text _builder_version=&#8221;3.22.4&#8243; text_font=&#8221;Roboto||||||||&#8221; text_text_color=&#8221;#FF6600&#8243; text_font_size=&#8221;22px&#8221; text_line_height=&#8221;1.3em&#8221; header_font=&#8221;||||||||&#8221; header_3_font=&#8221;Roboto|700|||||||&#8221; header_3_text_color=&#8221;#FF6600&#8243; text_orientation=&#8221;center&#8221; custom_margin=&#8221;||9px|||&#8221;] Trabajamos por una MISI\u00d3N [\/et_pb_text][et_pb_text _builder_version=&#8221;3.22.4&#8243; text_font=&#8221;Roboto||||||||&#8221; [&hellip;]<\/p>\n","protected":false},"author":2,"featured_media":0,"parent":0,"menu_order":0,"comment_status":"closed","ping_status":"closed","template":"","meta":{"nf_dc_page":"","_et_pb_use_builder":"on","_et_pb_old_content":"","om_disable_all_campaigns":false,"_monsterinsights_skip_tracking":false,"_monsterinsights_sitenote_active":false,"_monsterinsights_sitenote_note":"","_monsterinsights_sitenote_category":0,"footnotes":""},"class_list":["post-1551","page","type-page","status-publish","hentry"],"aioseo_notices":[],"_links":{"self":[{"href":"https:\/\/www.cinop.com.mx\/sitio\/wp-json\/wp\/v2\/pages\/1551","targetHints":{"allow":["GET"]}}],"collection":[{"href":"https:\/\/www.cinop.com.mx\/sitio\/wp-json\/wp\/v2\/pages"}],"about":[{"href":"https:\/\/www.cinop.com.mx\/sitio\/wp-json\/wp\/v2\/types\/page"}],"author":[{"embeddable":true,"href":"https:\/\/www.cinop.com.mx\/sitio\/wp-json\/wp\/v2\/users\/2"}],"replies":[{"embeddable":true,"href":"https:\/\/www.cinop.com.mx\/sitio\/wp-json\/wp\/v2\/comments?post=1551"}],"version-history":[{"count":12,"href":"https:\/\/www.cinop.com.mx\/sitio\/wp-json\/wp\/v2\/pages\/1551\/revisions"}],"predecessor-version":[{"id":1595,"href":"https:\/\/www.cinop.com.mx\/sitio\/wp-json\/wp\/v2\/pages\/1551\/revisions\/1595"}],"wp:attachment":[{"href":"https:\/\/www.cinop.com.mx\/sitio\/wp-json\/wp\/v2\/media?parent=1551"}],"curies":[{"name":"wp","href":"https:\/\/api.w.org\/{rel}","templated":true}]}}